{"id":21146,"date":"2024-03-28T13:25:50","date_gmt":"2024-03-28T12:25:50","guid":{"rendered":"https:\/\/shoppingsalou.com\/qui-som\/"},"modified":"2024-05-31T16:01:14","modified_gmt":"2024-05-31T14:01:14","slug":"qui-som","status":"publish","type":"page","link":"https:\/\/shoppingsalou.com\/ca\/qui-som\/","title":{"rendered":"Qui som?"},"content":{"rendered":"\t\t<div data-elementor-type=\"wp-page\" data-elementor-id=\"21146\" class=\"elementor elementor-21146 elementor-13693\" data-elementor-post-type=\"page\">\n\t\t\t\t<div class=\"elementor-element elementor-element-fe741f5 e-con-full e-flex e-con e-parent\" data-id=\"fe741f5\" data-element_type=\"container\" data-e-type=\"container\" data-settings=\"{&quot;background_background&quot;:&quot;classic&quot;}\">\n\t\t\t\t<\/div>\n\t\t<div class=\"elementor-element elementor-element-a9b0e6f e-flex e-con-boxed e-con e-parent\" data-id=\"a9b0e6f\" data-element_type=\"container\" data-e-type=\"container\">\n\t\t\t\t\t<div class=\"e-con-inner\">\n\t\t\t\t<div class=\"elementor-element elementor-element-7f37bd7 elementor-widget elementor-widget-heading\" data-id=\"7f37bd7\" data-element_type=\"widget\" data-e-type=\"widget\" data-widget_type=\"heading.default\">\n\t\t\t\t<div class=\"elementor-widget-container\">\n\t\t\t\t\t<h2 class=\"elementor-heading-title elementor-size-default\">Qui som?<\/h2>\t\t\t\t<\/div>\n\t\t\t\t<\/div>\n\t\t\t\t<div class=\"elementor-element elementor-element-a51602c elementor-widget__width-initial elementor-widget elementor-widget-text-editor\" data-id=\"a51602c\" data-element_type=\"widget\" data-e-type=\"widget\" data-widget_type=\"text-editor.default\">\n\t\t\t\t<div class=\"elementor-widget-container\">\n\t\t\t\t\t\t\t\t\t<p>L&#8217;associaci\u00f3<span> <\/span><strong>Shopping Salou Comerciants i Empresaris<\/strong><span>va ser creada el 2009 amb el nom \u201cAssociaci\u00f3 365 dies Salou Vila Comercial\u201d, per tal d&#8217;unificar en una sola organitzaci\u00f3 els establiments de comer\u00e7, restauraci\u00f3 i serveis de Salou.<\/span><\/p>\n<p>Un cop consolidada sota la marca SHOPPING SALOU, hem continuat treballant i creixent per continuar millorant, creant noves eines de promoci\u00f3 del comer\u00e7 local i campanyes de promoci\u00f3, fidelitzaci\u00f3, visibilitat i sensibilitzaci\u00f3.<\/p>\n<ul>\n<li style=\"list-style-type: none;\">\n<ul>\n<li style=\"list-style-type: none;\">\n<ul>\n<li>La Junta Directiva, els nostres col\u00b7laboradors i treballadors formem un equip din\u00e0mic, creatiu i competitiu, receptiu a les propostes i suggeriments dels nostres associats, sensible a les vostres inquietuds i disposat a detectar les necessitats de tots els sectors que representem i dels seus clients.<\/li>\n<\/ul>\n<\/li>\n<\/ul>\n<\/li>\n<\/ul>\n<p>Per aix\u00f2, amb la col\u00b7laboraci\u00f3 dels nostres associats i, amb el suport institucional de l&#8217;Ajuntament de Salou, la patronal Pimec, la Cambra de Comer\u00e7 de Tarragona i la Generalitat de Catalunya, volem aconseguir un repte com\u00fa: millorar el comer\u00e7 de Salou, actuant a representaci\u00f3 de tots els establiments i en defensa dels nostres interessos.<\/p>\n<p>Tamb\u00e9 volem transmetre, tant als clients locals com als visitants i turistes, el gran potencial del teixit comercial de Salou, basat en la diversitat, la professionalitat i la qualitat.<\/p>\n\t\t\t\t\t\t\t\t<\/div>\n\t\t\t\t<\/div>\n\t\t\t\t\t<\/div>\n\t\t\t\t<\/div>\n\t\t\t\t<\/div>\n\t\t","protected":false},"excerpt":{"rendered":"<p>Qui som? L&#8217;associaci\u00f3 Shopping Salou Comerciants i Empresarisva ser creada el 2009 amb el nom \u201cAssociaci\u00f3 365 dies Salou Vila Comercial\u201d, per tal d&#8217;unificar en una sola organitzaci\u00f3 els establiments de comer\u00e7, restauraci\u00f3 i serveis de Salou. Un cop consolidada sota la marca SHOPPING SALOU, hem continuat treballant i creixent per continuar millorant, creant noves [&hellip;]<\/p>\n","protected":false},"author":1,"featured_media":0,"parent":0,"menu_order":0,"comment_status":"closed","ping_status":"closed","template":"elementor_header_footer","meta":{"_acf_changed":false,"footnotes":""},"class_list":["post-21146","page","type-page","status-publish","hentry"],"acf":[],"_links":{"self":[{"href":"https:\/\/shoppingsalou.com\/ca\/wp-json\/wp\/v2\/pages\/21146","targetHints":{"allow":["GET"]}}],"collection":[{"href":"https:\/\/shoppingsalou.com\/ca\/wp-json\/wp\/v2\/pages"}],"about":[{"href":"https:\/\/shoppingsalou.com\/ca\/wp-json\/wp\/v2\/types\/page"}],"author":[{"embeddable":true,"href":"https:\/\/shoppingsalou.com\/ca\/wp-json\/wp\/v2\/users\/1"}],"replies":[{"embeddable":true,"href":"https:\/\/shoppingsalou.com\/ca\/wp-json\/wp\/v2\/comments?post=21146"}],"version-history":[{"count":7,"href":"https:\/\/shoppingsalou.com\/ca\/wp-json\/wp\/v2\/pages\/21146\/revisions"}],"predecessor-version":[{"id":21483,"href":"https:\/\/shoppingsalou.com\/ca\/wp-json\/wp\/v2\/pages\/21146\/revisions\/21483"}],"wp:attachment":[{"href":"https:\/\/shoppingsalou.com\/ca\/wp-json\/wp\/v2\/media?parent=21146"}],"curies":[{"name":"wp","href":"https:\/\/api.w.org\/{rel}","templated":true}]}}