{"id":21161,"date":"2024-03-26T14:31:37","date_gmt":"2024-03-26T13:31:37","guid":{"rendered":"https:\/\/shoppingsalou.com\/contacte\/"},"modified":"2024-05-31T15:45:42","modified_gmt":"2024-05-31T13:45:42","slug":"contacte","status":"publish","type":"page","link":"https:\/\/shoppingsalou.com\/ca\/contacte\/","title":{"rendered":"Contacte"},"content":{"rendered":"\t\t<div data-elementor-type=\"wp-page\" data-elementor-id=\"21161\" class=\"elementor elementor-21161 elementor-13483\" data-elementor-post-type=\"page\">\n\t\t\t\t<div class=\"elementor-element elementor-element-afef529 e-con-full e-flex e-con e-parent\" data-id=\"afef529\" data-element_type=\"container\" data-e-type=\"container\" data-settings=\"{&quot;background_background&quot;:&quot;classic&quot;}\">\n\t\t\t\t<\/div>\n\t\t<div class=\"elementor-element elementor-element-7ab590e e-flex e-con-boxed e-con e-parent\" data-id=\"7ab590e\" data-element_type=\"container\" data-e-type=\"container\">\n\t\t\t\t\t<div class=\"e-con-inner\">\n\t\t\t\t<div class=\"elementor-element elementor-element-5608979 elementor-widget elementor-widget-heading\" data-id=\"5608979\" data-element_type=\"widget\" data-e-type=\"widget\" data-widget_type=\"heading.default\">\n\t\t\t\t<div class=\"elementor-widget-container\">\n\t\t\t\t\t<h2 class=\"elementor-heading-title elementor-size-default\">Contacte<\/h2>\t\t\t\t<\/div>\n\t\t\t\t<\/div>\n\t\t\t\t\t<\/div>\n\t\t\t\t<\/div>\n\t\t<div class=\"elementor-element elementor-element-ebab58e e-con-full e-flex e-con e-parent\" data-id=\"ebab58e\" data-element_type=\"container\" data-e-type=\"container\">\n\t\t\t\t<div class=\"elementor-element elementor-element-ccb73ac elementor-widget elementor-widget-google_maps\" data-id=\"ccb73ac\" data-element_type=\"widget\" data-e-type=\"widget\" data-widget_type=\"google_maps.default\">\n\t\t\t\t<div class=\"elementor-widget-container\">\n\t\t\t\t\t\t\t<div class=\"elementor-custom-embed\">\n\t\t\t<iframe\n\t\t\t\t\tdata-src=\"https:\/\/maps.google.com\/maps?q=C%2F%20Advocat%20Gallego%2C%20S%2FN%20Centro%20C%C3%ADvico%2C%20piso%202%20Salou%2043840%2C%20Tarragona&#038;t=m&#038;z=13&#038;output=embed&#038;iwloc=near\"\n\t\t\t\t\ttitle=\"C\/ Advocat Gallego, S\/N Centro C\u00edvico, piso 2 Salou 43840, Tarragona\"\n\t\t\t\t\taria-label=\"C\/ Advocat Gallego, S\/N Centro C\u00edvico, piso 2 Salou 43840, Tarragona\"\n\t\t\t src=\"data:image\/svg+xml;base64,PHN2ZyB3aWR0aD0iMSIgaGVpZ2h0PSIxIiB4bWxucz0iaHR0cDovL3d3dy53My5vcmcvMjAwMC9zdmciPjwvc3ZnPg==\" class=\"lazyload\" data-load-mode=\"1\"><\/iframe>\n\t\t<\/div>\n\t\t\t\t\t\t<\/div>\n\t\t\t\t<\/div>\n\t\t\t\t<\/div>\n\t\t<div class=\"elementor-element elementor-element-9bc80ec e-flex e-con-boxed e-con e-parent\" data-id=\"9bc80ec\" data-element_type=\"container\" data-e-type=\"container\">\n\t\t\t\t\t<div class=\"e-con-inner\">\n\t\t<div class=\"elementor-element elementor-element-d958725 e-con-full e-flex e-con e-child\" data-id=\"d958725\" data-element_type=\"container\" data-e-type=\"container\">\n\t\t\t\t<div class=\"elementor-element elementor-element-1625adc elementor-widget elementor-widget-text-editor\" data-id=\"1625adc\" data-element_type=\"widget\" data-e-type=\"widget\" data-widget_type=\"text-editor.default\">\n\t\t\t\t<div class=\"elementor-widget-container\">\n\t\t\t\t\t\t\t\t\t<p><span>Utilitza el formulari per posar-te en contacte amb nosaltres i resoldre les possibles consultes.<\/span><\/p>\n\t\t\t\t\t\t\t\t<\/div>\n\t\t\t\t<\/div>\n\t\t\t\t<\/div>\n\t\t<div class=\"elementor-element elementor-element-928b21a e-con-full e-flex e-con e-child\" data-id=\"928b21a\" data-element_type=\"container\" data-e-type=\"container\">\n\t\t\t\t<div class=\"elementor-element elementor-element-f7e3cd4 elementor-widget-mobile__width-initial elementor-widget elementor-widget-text-editor\" data-id=\"f7e3cd4\" data-element_type=\"widget\" data-e-type=\"widget\" data-widget_type=\"text-editor.default\">\n\t\t\t\t<div class=\"elementor-widget-container\">\n\t\t\t\t\t\t\t\t\t<p><span style=\"color: #ff00ff;\">Oficines:<\/span><\/p>\n<p>C\/ Advocat Gallego, S\/N<br \/>Centro C\u00edvico, piso 2<br \/>Salou<br \/>43840, Tarragona<\/p>\n<p>+34 625 348 621<br \/>info@shoppingsalou.com<\/p>\n<p><span style=\"color: #ff00ff;\">Horari:<\/span><\/p>\n<p><strong>De dilluns a divendres:<\/strong> 8hrs &#8211; 18hrs<br \/><strong>Dissabte:<\/strong> 9hrs a 14hrs<\/p>\n\t\t\t\t\t\t\t\t<\/div>\n\t\t\t\t<\/div>\n\t\t\t\t<\/div>\n\t\t\t\t\t<\/div>\n\t\t\t\t<\/div>\n\t\t<div class=\"elementor-element elementor-element-ffc60e5 e-con-full e-flex e-con e-parent\" data-id=\"ffc60e5\" data-element_type=\"container\" data-e-type=\"container\" data-settings=\"{&quot;background_background&quot;:&quot;classic&quot;}\">\n\t\t\t\t<div class=\"elementor-element elementor-element-37ec6a5 elementor-widget elementor-widget-heading\" data-id=\"37ec6a5\" data-element_type=\"widget\" data-e-type=\"widget\" data-widget_type=\"heading.default\">\n\t\t\t\t<div class=\"elementor-widget-container\">\n\t\t\t\t\t<h2 class=\"elementor-heading-title elementor-size-default\">Formulari de Contacte<\/h2>\t\t\t\t<\/div>\n\t\t\t\t<\/div>\n\t\t\t\t<\/div>\n\t\t<div class=\"elementor-element elementor-element-36c50c4 e-flex e-con-boxed e-con e-parent\" data-id=\"36c50c4\" data-element_type=\"container\" data-e-type=\"container\">\n\t\t\t\t\t<div class=\"e-con-inner\">\n\t\t\t\t<div class=\"elementor-element elementor-element-480ea57 elementor-widget-mobile__width-initial elementor-widget elementor-widget-wpforms\" data-id=\"480ea57\" data-element_type=\"widget\" data-e-type=\"widget\" data-widget_type=\"wpforms.default\">\n\t\t\t\t<div class=\"elementor-widget-container\">\n\t\t\t\t\t<style id=\"wpforms-css-vars-elementor-widget-480ea57\">\n\t\t\t\t.elementor-widget-wpforms.elementor-element-480ea57 {\n\t\t\t\t--wpforms-button-background-color: #E41192;\n--wpforms-button-text-color: #FFFFFF;\n\n\t\t\t}\n\t\t\t<\/style><div class=\"wpforms-container wpforms-container-full wpforms-render-modern\" id=\"wpforms-13570\"><form id=\"wpforms-form-13570\" class=\"wpforms-validate wpforms-form wpforms-ajax-form\" data-formid=\"13570\" method=\"post\" enctype=\"multipart\/form-data\" action=\"\/ca\/wp-json\/wp\/v2\/pages\/21161\" data-token=\"9c35143e5ce64525f43f846514e62cce\" data-token-time=\"1776858719\"><noscript class=\"wpforms-error-noscript\">Activeu el JavaScript al navegador per a poder completar el formulari.<\/noscript><div class=\"wpforms-hidden\" id=\"wpforms-error-noscript\">Activeu el JavaScript al navegador per a poder completar el formulari.<\/div><div class=\"wpforms-field-container\"><div id=\"wpforms-13570-field_1-container\" class=\"wpforms-field wpforms-field-text\" data-field-id=\"1\"><label class=\"wpforms-field-label\" for=\"wpforms-13570-field_1\">Nom (requerit) <span class=\"wpforms-required-label\" aria-hidden=\"true\">*<\/span><\/label><input type=\"text\" id=\"wpforms-13570-field_1\" class=\"wpforms-field-medium wpforms-field-required\" name=\"wpforms[fields][1]\" aria-errormessage=\"wpforms-13570-field_1-error\" required><\/div><div id=\"wpforms-13570-field_2-container\" class=\"wpforms-field wpforms-field-text\" data-field-id=\"2\"><label class=\"wpforms-field-label\" for=\"wpforms-13570-field_2\">Correu electr\u00f2nic (requerit) <span class=\"wpforms-required-label\" aria-hidden=\"true\">*<\/span><\/label><input type=\"text\" id=\"wpforms-13570-field_2\" class=\"wpforms-field-medium wpforms-field-required\" name=\"wpforms[fields][2]\" aria-errormessage=\"wpforms-13570-field_2-error\" required><\/div><div id=\"wpforms-13570-field_3-container\" class=\"wpforms-field wpforms-field-text\" data-field-id=\"3\"><label class=\"wpforms-field-label\" for=\"wpforms-13570-field_3\">Assumpte<\/label><input type=\"text\" id=\"wpforms-13570-field_3\" class=\"wpforms-field-medium\" name=\"wpforms[fields][3]\" aria-errormessage=\"wpforms-13570-field_3-error\" ><\/div><div id=\"wpforms-13570-field_4-container\" class=\"wpforms-field wpforms-field-textarea\" data-field-id=\"4\"><label class=\"wpforms-field-label\" for=\"wpforms-13570-field_4\">El teu missatge<\/label><textarea id=\"wpforms-13570-field_4\" class=\"wpforms-field-medium\" name=\"wpforms[fields][4]\" aria-errormessage=\"wpforms-13570-field_4-error\" ><\/textarea><\/div><div id=\"wpforms-13570-field_5-container\" class=\"wpforms-field wpforms-field-checkbox\" data-field-id=\"5\"><fieldset><legend class=\"wpforms-field-label wpforms-label-hide\" aria-hidden=\"false\"> <span class=\"wpforms-required-label\" aria-hidden=\"true\">*<\/span><\/legend><ul id=\"wpforms-13570-field_5\" class=\"wpforms-field-required\"><li class=\"choice-1 depth-1\"><input type=\"checkbox\" id=\"wpforms-13570-field_5_1\" name=\"wpforms[fields][5][]\" value=\"He llegit i accepto la cl\u00e0usula de consentiment\" aria-errormessage=\"wpforms-13570-field_5_1-error\" aria-describedby=\"wpforms-13570-field_5-description\" required ><label class=\"wpforms-field-label-inline\" for=\"wpforms-13570-field_5_1\">He llegit i accepto la cl\u00e0usula de consentiment<\/label><\/li><\/ul><div id=\"wpforms-13570-field_5-description\" class=\"wpforms-field-description\">De conformitat amb el que disposa la Llei org\u00e0nica 15-1999, de 13 de desembre, de protecci\u00f3 de dades de car\u00e0cter personal, consenteixo que les meves dades siguin incorporades en un fitxer responsabilitat d'ASSOCIACI\u00d3 365 DIES SALOU VILA COMERCIAL i que siguin utilitzades amb l'\u00fanica finalitat de la gesti\u00f3 comercial i l'enviament de comunicacions sobre els nostres productes i serveis. De la mateixa manera, declaro estar informat sobre la possibilitat d'exercitar els drets d'acc\u00e9s, rectificaci\u00f3, cancel\u00b7laci\u00f3 i oposici\u00f3 dirigint-me a ASSOCIACI\u00d3 365 DIES VILA COMERCIAL, al carrer Advocat Gallego Centre C\u00edvic, 2-2 43840 SALOU (TARRAGONA); o b\u00e9 enviant un correu electr\u00f2nic a l'adre\u00e7a info@shoppingsalou.com. <\/div><\/fieldset><\/div><\/div><!-- .wpforms-field-container --><div class=\"wpforms-recaptcha-container wpforms-is-recaptcha wpforms-is-recaptcha-type-v2\" ><div class=\"g-recaptcha\" data-sitekey=\"6Lf_lQYrAAAAABsSkMxJGX8aje82DB5UPCmmohfM\"><\/div><input type=\"text\" name=\"g-recaptcha-hidden\" class=\"wpforms-recaptcha-hidden\" style=\"position:absolute!important;clip:rect(0,0,0,0)!important;height:1px!important;width:1px!important;border:0!important;overflow:hidden!important;padding:0!important;margin:0!important;\" data-rule-recaptcha=\"1\"><\/div><div class=\"wpforms-submit-container\" ><input type=\"hidden\" name=\"wpforms[id]\" value=\"13570\"><input type=\"hidden\" name=\"page_title\" value=\"\"><input type=\"hidden\" name=\"page_url\" value=\"https:\/\/shoppingsalou.com\/ca\/wp-json\/wp\/v2\/pages\/21161\"><input type=\"hidden\" name=\"url_referer\" value=\"\"><button type=\"submit\" name=\"wpforms[submit]\" id=\"wpforms-submit-13570\" class=\"wpforms-submit\" data-alt-text=\"Enviant...\" data-submit-text=\"Enviar\" aria-live=\"assertive\" value=\"wpforms-submit\">Enviar<\/button><img decoding=\"async\" data-src=\"https:\/\/shoppingsalou.com\/wp-content\/plugins\/wpforms\/assets\/images\/submit-spin.svg\" class=\"wpforms-submit-spinner lazyload\" style=\"--smush-placeholder-width: 26px; --smush-placeholder-aspect-ratio: 26\/26;display: none;\" width=\"26\" height=\"26\" alt=\"S&#039;est\u00e0 carregant\" src=\"data:image\/svg+xml;base64,PHN2ZyB3aWR0aD0iMSIgaGVpZ2h0PSIxIiB4bWxucz0iaHR0cDovL3d3dy53My5vcmcvMjAwMC9zdmciPjwvc3ZnPg==\"><\/div><\/form><\/div>  <!-- .wpforms-container -->\t\t\t\t<\/div>\n\t\t\t\t<\/div>\n\t\t\t\t\t<\/div>\n\t\t\t\t<\/div>\n\t\t\t\t<\/div>\n\t\t","protected":false},"excerpt":{"rendered":"<p>Contacte Utilitza el formulari per posar-te en contacte amb nosaltres i resoldre les possibles consultes. Oficines: C\/ Advocat Gallego, S\/NCentro C\u00edvico, piso 2Salou43840, Tarragona +34 625 348 621info@shoppingsalou.com Horari: De dilluns a divendres: 8hrs &#8211; 18hrsDissabte: 9hrs a 14hrs Formulari de Contacte Por favor, activa JavaScript en tu navegador para completar este formulario.Por favor, activa [&hellip;]<\/p>\n","protected":false},"author":1,"featured_media":0,"parent":0,"menu_order":0,"comment_status":"closed","ping_status":"closed","template":"elementor_header_footer","meta":{"_acf_changed":false,"footnotes":""},"class_list":["post-21161","page","type-page","status-publish","hentry"],"acf":[],"_links":{"self":[{"href":"https:\/\/shoppingsalou.com\/ca\/wp-json\/wp\/v2\/pages\/21161","targetHints":{"allow":["GET"]}}],"collection":[{"href":"https:\/\/shoppingsalou.com\/ca\/wp-json\/wp\/v2\/pages"}],"about":[{"href":"https:\/\/shoppingsalou.com\/ca\/wp-json\/wp\/v2\/types\/page"}],"author":[{"embeddable":true,"href":"https:\/\/shoppingsalou.com\/ca\/wp-json\/wp\/v2\/users\/1"}],"replies":[{"embeddable":true,"href":"https:\/\/shoppingsalou.com\/ca\/wp-json\/wp\/v2\/comments?post=21161"}],"version-history":[{"count":4,"href":"https:\/\/shoppingsalou.com\/ca\/wp-json\/wp\/v2\/pages\/21161\/revisions"}],"predecessor-version":[{"id":21447,"href":"https:\/\/shoppingsalou.com\/ca\/wp-json\/wp\/v2\/pages\/21161\/revisions\/21447"}],"wp:attachment":[{"href":"https:\/\/shoppingsalou.com\/ca\/wp-json\/wp\/v2\/media?parent=21161"}],"curies":[{"name":"wp","href":"https:\/\/api.w.org\/{rel}","templated":true}]}}