{"id":21169,"date":"2024-03-26T15:42:21","date_gmt":"2024-03-26T14:42:21","guid":{"rendered":"https:\/\/shoppingsalou.com\/festes-populars\/"},"modified":"2024-05-31T11:59:27","modified_gmt":"2024-05-31T09:59:27","slug":"festes-populars","status":"publish","type":"page","link":"https:\/\/shoppingsalou.com\/ca\/festes-populars\/","title":{"rendered":"Festes populars"},"content":{"rendered":"\t\t<div data-elementor-type=\"wp-page\" data-elementor-id=\"21169\" class=\"elementor elementor-21169 elementor-13594\" data-elementor-post-type=\"page\">\n\t\t\t\t<div class=\"elementor-element elementor-element-15dbc71 e-con-full e-flex e-con e-parent\" data-id=\"15dbc71\" data-element_type=\"container\" data-e-type=\"container\" data-settings=\"{&quot;background_background&quot;:&quot;classic&quot;}\">\n\t\t\t\t<\/div>\n\t\t<div class=\"elementor-element elementor-element-0a117ca e-flex e-con-boxed e-con e-parent\" data-id=\"0a117ca\" data-element_type=\"container\" data-e-type=\"container\">\n\t\t\t\t\t<div class=\"e-con-inner\">\n\t\t\t\t<div class=\"elementor-element elementor-element-fbac21a elementor-widget elementor-widget-heading\" data-id=\"fbac21a\" data-element_type=\"widget\" data-e-type=\"widget\" data-widget_type=\"heading.default\">\n\t\t\t\t<div class=\"elementor-widget-container\">\n\t\t\t\t\t<h2 class=\"elementor-heading-title elementor-size-default\">Festes populars<\/h2>\t\t\t\t<\/div>\n\t\t\t\t<\/div>\n\t\t\t\t<div class=\"elementor-element elementor-element-dd43e2d elementor-widget elementor-widget-heading\" data-id=\"dd43e2d\" data-element_type=\"widget\" data-e-type=\"widget\" data-widget_type=\"heading.default\">\n\t\t\t\t<div class=\"elementor-widget-container\">\n\t\t\t\t\t<h2 class=\"elementor-heading-title elementor-size-default\">Festes d'Estiu \"Nits daurades\" i \"Santa Maria del Mar\"<\/h2>\t\t\t\t<\/div>\n\t\t\t\t<\/div>\n\t\t\t\t<div class=\"elementor-element elementor-element-6a54e10 elementor-widget__width-initial elementor-widget elementor-widget-text-editor\" data-id=\"6a54e10\" data-element_type=\"widget\" data-e-type=\"widget\" data-widget_type=\"text-editor.default\">\n\t\t\t\t<div class=\"elementor-widget-container\">\n\t\t\t\t\t\t\t\t\t<p>Durant la primera quinzena d\u00b4agost podr\u00e0s gaudir d\u00b4una gran varietat d\u00b4esdeveniments de tot tipus: Concerts, balls, esdeveniments culturals i altres espectacles.<\/p>\n<p>Tant la poblaci\u00f3 local com els visitants i turistes del municipi es reuneixen a Salou en aquestes dates, a les quals es respira un gran ambient festiu d&#8217;Estiu, per compartir la cultura popular de Salou.<\/p>\n\t\t\t\t\t\t\t\t<\/div>\n\t\t\t\t<\/div>\n\t\t\t\t<div class=\"elementor-element elementor-element-885ff63 elementor-widget elementor-widget-heading\" data-id=\"885ff63\" data-element_type=\"widget\" data-e-type=\"widget\" data-widget_type=\"heading.default\">\n\t\t\t\t<div class=\"elementor-widget-container\">\n\t\t\t\t\t<h2 class=\"elementor-heading-title elementor-size-default\">Festes d'Hivern i Coso Blanco<\/h2>\t\t\t\t<\/div>\n\t\t\t\t<\/div>\n\t\t\t\t<div class=\"elementor-element elementor-element-85a85a4 elementor-widget__width-initial elementor-widget elementor-widget-text-editor\" data-id=\"85a85a4\" data-element_type=\"widget\" data-e-type=\"widget\" data-widget_type=\"text-editor.default\">\n\t\t\t\t<div class=\"elementor-widget-container\">\n\t\t\t\t\t\t\t\t\t<p>La festa major d&#8217;Hivern de Salou d\u00f3na la benvinguda als seus ciutadans i visitants, que es desplacen fins a la localitat per gaudir dels diferents actes festius que tenen lloc aquests dies d&#8217;Hivern.<\/p>\n<p>Per\u00f2 si un acte destaca per si mateix i amb maj\u00fascules, \u00e9s sens dubte el COS BLANC, una desfilada de carrosses, en la qual el confeti es festa dels carrers i tothom balla, canta i gaudeix de la pluja de confeti.<\/p>\n<p>El Coso Blanco \u00e9s un dels actes m\u00e9s multitudinaris que tenen lloc durant els mesos m\u00e9s freds de la Costa Daurada, unes 20.000 persones es donen cita cada any per celebrar l&#8217;Hivern a Salou.<\/p>\n\t\t\t\t\t\t\t\t<\/div>\n\t\t\t\t<\/div>\n\t\t\t\t<div class=\"elementor-element elementor-element-d58ef5e elementor-widget elementor-widget-heading\" data-id=\"d58ef5e\" data-element_type=\"widget\" data-e-type=\"widget\" data-widget_type=\"heading.default\">\n\t\t\t\t<div class=\"elementor-widget-container\">\n\t\t\t\t\t<h2 class=\"elementor-heading-title elementor-size-default\">Altres<\/h2>\t\t\t\t<\/div>\n\t\t\t\t<\/div>\n\t\t\t\t<div class=\"elementor-element elementor-element-5f9be58 elementor-widget__width-initial elementor-widget elementor-widget-text-editor\" data-id=\"5f9be58\" data-element_type=\"widget\" data-e-type=\"widget\" data-widget_type=\"text-editor.default\">\n\t\t\t\t<div class=\"elementor-widget-container\">\n\t\t\t\t\t\t\t\t\t<ul>\n<li>Calada de les malles de Sant Pere (per Sant Pere, Mare de D\u00e9u del Carme i Mare de D\u00e9u d&#8217;Agost)<\/li>\n<li>Dia dels Enamorats (14 de Febrer)<\/li>\n<li>Sant Jordi (23 de Abril)<\/li>\n<li>Sabor Salou (Abril \/ Maig)<\/li>\n<li>Gastrotour Salou (Maig)<\/li>\n<li>Hola Familia (Maig \/ Juny)<\/li>\n<li>Verbena de Sant Juan (23 de Juny)<\/li>\n<li>Fira Fora Estocs (Juliol i Agost)<\/li>\n<li>Festa del Rei Jaume I de Salou (Setembre)<\/li>\n<li>Salou Shopping Festival (Setembre)<\/li>\n<li>Diada nacional de Catalunya (11 de Setembre)<\/li>\n<li>Rally costa Daurada i Rally de Tapes (Octubre)<\/li>\n<li>Festa Major 30 d&#8217;octubre (mes d&#8217;octubre)<\/li>\n<li>Salouwind y Salouween (Novembre)<\/li>\n<li>Concurs de Pesca del Calamar (\u00faltima setmana de novembre)<\/li>\n<li>Nadal i Reis<\/li>\n<li>I moltes m\u00e9s activitats familiars, comercials, esportives i\/o culturals&#8230; Consulta a la nostra secci\u00f3 de not\u00edcies per a m\u00e9s<\/li>\n<\/ul>\n\t\t\t\t\t\t\t\t<\/div>\n\t\t\t\t<\/div>\n\t\t\t\t\t<\/div>\n\t\t\t\t<\/div>\n\t\t\t\t<\/div>\n\t\t","protected":false},"excerpt":{"rendered":"<p>Festes populars Festes d&#8217;Estiu &#8220;Nits daurades&#8221; i &#8220;Santa Maria del Mar&#8221; Durant la primera quinzena d\u00b4agost podr\u00e0s gaudir d\u00b4una gran varietat d\u00b4esdeveniments de tot tipus: Concerts, balls, esdeveniments culturals i altres espectacles. Tant la poblaci\u00f3 local com els visitants i turistes del municipi es reuneixen a Salou en aquestes dates, a les quals es respira [&hellip;]<\/p>\n","protected":false},"author":1,"featured_media":0,"parent":0,"menu_order":0,"comment_status":"closed","ping_status":"closed","template":"elementor_header_footer","meta":{"_acf_changed":false,"footnotes":""},"class_list":["post-21169","page","type-page","status-publish","hentry"],"acf":[],"_links":{"self":[{"href":"https:\/\/shoppingsalou.com\/ca\/wp-json\/wp\/v2\/pages\/21169","targetHints":{"allow":["GET"]}}],"collection":[{"href":"https:\/\/shoppingsalou.com\/ca\/wp-json\/wp\/v2\/pages"}],"about":[{"href":"https:\/\/shoppingsalou.com\/ca\/wp-json\/wp\/v2\/types\/page"}],"author":[{"embeddable":true,"href":"https:\/\/shoppingsalou.com\/ca\/wp-json\/wp\/v2\/users\/1"}],"replies":[{"embeddable":true,"href":"https:\/\/shoppingsalou.com\/ca\/wp-json\/wp\/v2\/comments?post=21169"}],"version-history":[{"count":1,"href":"https:\/\/shoppingsalou.com\/ca\/wp-json\/wp\/v2\/pages\/21169\/revisions"}],"predecessor-version":[{"id":21318,"href":"https:\/\/shoppingsalou.com\/ca\/wp-json\/wp\/v2\/pages\/21169\/revisions\/21318"}],"wp:attachment":[{"href":"https:\/\/shoppingsalou.com\/ca\/wp-json\/wp\/v2\/media?parent=21169"}],"curies":[{"name":"wp","href":"https:\/\/api.w.org\/{rel}","templated":true}]}}